{"id":2949,"date":"2022-10-18T11:44:37","date_gmt":"2022-10-18T11:44:37","guid":{"rendered":"https:\/\/bengans.nu\/kontakt\/"},"modified":"2023-01-24T13:48:05","modified_gmt":"2023-01-24T13:48:05","slug":"kontakt","status":"publish","type":"page","link":"https:\/\/bengans.nu\/cs\/kontakt\/","title":{"rendered":"Kontakt"},"content":{"rendered":"<div class=\"wpforms-container wpforms-container-full\" id=\"wpforms-1292\"><form id=\"wpforms-form-1292\" class=\"wpforms-validate wpforms-form wpforms-ajax-form\" data-formid=\"1292\" method=\"post\" enctype=\"multipart\/form-data\" action=\"\/cs\/wp-json\/wp\/v2\/pages\/2949\" data-token=\"5b2f3027b925751970e646f0ce1fa9de\" data-token-time=\"1778077220\"><noscript class=\"wpforms-error-noscript\">Chcete-li vyplnit tento formul\u00e1\u0159, pros\u00edm povolte v prohl\u00ed\u017ee\u010di JavaScript.<\/noscript><div class=\"wpforms-field-container\"><div id=\"wpforms-1292-field_0-container\" class=\"wpforms-field wpforms-field-name\" data-field-id=\"0\"><label class=\"wpforms-field-label\" for=\"wpforms-1292-field_0\">N\u00e1zev <span class=\"wpforms-required-label\">*<\/span><\/label><input type=\"text\" id=\"wpforms-1292-field_0\" class=\"wpforms-field-medium wpforms-field-required\" name=\"wpforms[fields][0]\" required><\/div><div id=\"wpforms-1292-field_8-container\" class=\"wpforms-field wpforms-field-checkbox\" data-field-id=\"8\"><label class=\"wpforms-field-label\" for=\"wpforms-1292-field_8\">Pro\u010d n\u00e1s kontaktujete?<\/label><ul id=\"wpforms-1292-field_8\"><li class=\"choice-1 depth-1\"><input type=\"checkbox\" id=\"wpforms-1292-field_8_1\" name=\"wpforms[fields][8][]\" value=\"Reklama\"  ><label class=\"wpforms-field-label-inline\" for=\"wpforms-1292-field_8_1\">Reklama<\/label><\/li><li class=\"choice-2 depth-1\"><input type=\"checkbox\" id=\"wpforms-1292-field_8_2\" name=\"wpforms[fields][8][]\" value=\"Tipy\"  ><label class=\"wpforms-field-label-inline\" for=\"wpforms-1292-field_8_2\">Tipy<\/label><\/li><li class=\"choice-3 depth-1\"><input type=\"checkbox\" id=\"wpforms-1292-field_8_3\" name=\"wpforms[fields][8][]\" value=\"Dal\u0161\u00ed\"  ><label class=\"wpforms-field-label-inline\" for=\"wpforms-1292-field_8_3\">Dal\u0161\u00ed<\/label><\/li><\/ul><\/div><div id=\"wpforms-1292-field_7-container\" class=\"wpforms-field wpforms-field-text\" data-field-id=\"7\"><label class=\"wpforms-field-label\" for=\"wpforms-1292-field_7\">N\u00e1zev va\u0161\u00ed spole\u010dnosti<\/label><input type=\"text\" id=\"wpforms-1292-field_7\" class=\"wpforms-field-medium\" name=\"wpforms[fields][7]\" ><\/div><div id=\"wpforms-1292-field_6-container\" class=\"wpforms-field wpforms-field-email\" data-field-id=\"6\"><label class=\"wpforms-field-label\" for=\"wpforms-1292-field_6\">E-mail <span class=\"wpforms-required-label\">*<\/span><\/label><input type=\"email\" id=\"wpforms-1292-field_6\" class=\"wpforms-field-medium wpforms-field-required\" name=\"wpforms[fields][6]\" spellcheck=\"false\" required><\/div><div id=\"wpforms-1292-field_2-container\" class=\"wpforms-field wpforms-field-textarea\" data-field-id=\"2\"><label class=\"wpforms-field-label\" for=\"wpforms-1292-field_2\">Va\u0161e zpr\u00e1va <span class=\"wpforms-required-label\">*<\/span><\/label><textarea id=\"wpforms-1292-field_2\" class=\"wpforms-field-medium wpforms-field-required\" name=\"wpforms[fields][2]\" required><\/textarea><\/div><\/div><!-- .wpforms-field-container --><div class=\"wpforms-recaptcha-container wpforms-is-hcaptcha\" ><div class=\"g-recaptcha\" data-sitekey=\"34fbaa3f-2deb-4ed1-8fba-3f7e900742ec\"><\/div><input type=\"text\" name=\"g-recaptcha-hidden\" class=\"wpforms-recaptcha-hidden\" style=\"position:absolute!important;clip:rect(0,0,0,0)!important;height:1px!important;width:1px!important;border:0!important;overflow:hidden!important;padding:0!important;margin:0!important;\" data-rule-hcaptcha=\"1\"><\/div><div class=\"wpforms-submit-container\" ><input type=\"hidden\" name=\"wpforms[id]\" value=\"1292\"><input type=\"hidden\" name=\"page_title\" value=\"\"><input type=\"hidden\" name=\"page_url\" value=\"https:\/\/bengans.nu\/cs\/wp-json\/wp\/v2\/pages\/2949\"><button type=\"submit\" name=\"wpforms[submit]\" id=\"wpforms-submit-1292\" class=\"wpforms-submit\" data-alt-text=\"Odes\u00edl\u00e1..\" data-submit-text=\"Odeslat\" aria-live=\"assertive\" value=\"wpforms-submit\">Odeslat<\/button><img decoding=\"async\" src=\"https:\/\/bengans.nu\/wp-content\/plugins\/wpforms-lite\/assets\/images\/submit-spin.svg\" class=\"wpforms-submit-spinner\" style=\"display: none;\" width=\"26\" height=\"26\" alt=\"Na\u010d\u00edt\u00e1n\u00ed\"><\/div><\/form><\/div>  <!-- .wpforms-container -->\n","protected":false},"excerpt":{"rendered":"","protected":false},"author":1,"featured_media":3195,"parent":0,"menu_order":0,"comment_status":"closed","ping_status":"closed","template":"","meta":{"footnotes":""},"class_list":["post-2949","page","type-page","status-publish","has-post-thumbnail","hentry"],"yoast_head":"<!-- This site is optimized with the Yoast SEO plugin v23.0 - https:\/\/yoast.com\/wordpress\/plugins\/seo\/ -->\n<title>Kontakt - Bengans<\/title>\n<meta name=\"robots\" content=\"index, follow, max-snippet:-1, max-image-preview:large, max-video-preview:-1\" \/>\n<link rel=\"canonical\" href=\"https:\/\/bengans.nu\/cs\/kontakt\/\" \/>\n<meta property=\"og:locale\" content=\"cs_CZ\" \/>\n<meta property=\"og:type\" content=\"article\" \/>\n<meta property=\"og:title\" content=\"Kontakt - Bengans\" \/>\n<meta property=\"og:url\" content=\"https:\/\/bengans.nu\/cs\/kontakt\/\" \/>\n<meta property=\"og:site_name\" content=\"Bengans\" \/>\n<meta property=\"article:modified_time\" content=\"2023-01-24T13:48:05+00:00\" \/>\n<meta name=\"twitter:card\" content=\"summary_large_image\" \/>\n<script type=\"application\/ld+json\" class=\"yoast-schema-graph\">{\"@context\":\"https:\/\/schema.org\",\"@graph\":[{\"@type\":\"WebPage\",\"@id\":\"https:\/\/bengans.nu\/cs\/kontakt\/\",\"url\":\"https:\/\/bengans.nu\/cs\/kontakt\/\",\"name\":\"Kontakt - Bengans\",\"isPartOf\":{\"@id\":\"https:\/\/bengans.nu\/#website\"},\"primaryImageOfPage\":{\"@id\":\"https:\/\/bengans.nu\/cs\/kontakt\/#primaryimage\"},\"image\":{\"@id\":\"https:\/\/bengans.nu\/cs\/kontakt\/#primaryimage\"},\"thumbnailUrl\":\"https:\/\/bengans.nu\/wp-content\/uploads\/2022\/02\/p21.jpg\",\"datePublished\":\"2022-10-18T11:44:37+00:00\",\"dateModified\":\"2023-01-24T13:48:05+00:00\",\"breadcrumb\":{\"@id\":\"https:\/\/bengans.nu\/cs\/kontakt\/#breadcrumb\"},\"inLanguage\":\"cs\",\"potentialAction\":[{\"@type\":\"ReadAction\",\"target\":[\"https:\/\/bengans.nu\/cs\/kontakt\/\"]}]},{\"@type\":\"ImageObject\",\"inLanguage\":\"cs\",\"@id\":\"https:\/\/bengans.nu\/cs\/kontakt\/#primaryimage\",\"url\":\"https:\/\/bengans.nu\/wp-content\/uploads\/2022\/02\/p21.jpg\",\"contentUrl\":\"https:\/\/bengans.nu\/wp-content\/uploads\/2022\/02\/p21.jpg\",\"width\":1500,\"height\":1000},{\"@type\":\"BreadcrumbList\",\"@id\":\"https:\/\/bengans.nu\/cs\/kontakt\/#breadcrumb\",\"itemListElement\":[{\"@type\":\"ListItem\",\"position\":1,\"name\":\"Hem\",\"item\":\"https:\/\/bengans.nu\/cs\/bengans-nu-domovska-stranka\/\"},{\"@type\":\"ListItem\",\"position\":2,\"name\":\"Kontakt\"}]},{\"@type\":\"WebSite\",\"@id\":\"https:\/\/bengans.nu\/#website\",\"url\":\"https:\/\/bengans.nu\/\",\"name\":\"Bengans\",\"description\":\"\",\"potentialAction\":[{\"@type\":\"SearchAction\",\"target\":{\"@type\":\"EntryPoint\",\"urlTemplate\":\"https:\/\/bengans.nu\/?s={search_term_string}\"},\"query-input\":\"required name=search_term_string\"}],\"inLanguage\":\"cs\"}]}<\/script>\n<!-- \/ Yoast SEO plugin. -->","yoast_head_json":{"title":"Kontakt - Bengans","robots":{"index":"index","follow":"follow","max-snippet":"max-snippet:-1","max-image-preview":"max-image-preview:large","max-video-preview":"max-video-preview:-1"},"canonical":"https:\/\/bengans.nu\/cs\/kontakt\/","og_locale":"cs_CZ","og_type":"article","og_title":"Kontakt - Bengans","og_url":"https:\/\/bengans.nu\/cs\/kontakt\/","og_site_name":"Bengans","article_modified_time":"2023-01-24T13:48:05+00:00","twitter_card":"summary_large_image","schema":{"@context":"https:\/\/schema.org","@graph":[{"@type":"WebPage","@id":"https:\/\/bengans.nu\/cs\/kontakt\/","url":"https:\/\/bengans.nu\/cs\/kontakt\/","name":"Kontakt - Bengans","isPartOf":{"@id":"https:\/\/bengans.nu\/#website"},"primaryImageOfPage":{"@id":"https:\/\/bengans.nu\/cs\/kontakt\/#primaryimage"},"image":{"@id":"https:\/\/bengans.nu\/cs\/kontakt\/#primaryimage"},"thumbnailUrl":"https:\/\/bengans.nu\/wp-content\/uploads\/2022\/02\/p21.jpg","datePublished":"2022-10-18T11:44:37+00:00","dateModified":"2023-01-24T13:48:05+00:00","breadcrumb":{"@id":"https:\/\/bengans.nu\/cs\/kontakt\/#breadcrumb"},"inLanguage":"cs","potentialAction":[{"@type":"ReadAction","target":["https:\/\/bengans.nu\/cs\/kontakt\/"]}]},{"@type":"ImageObject","inLanguage":"cs","@id":"https:\/\/bengans.nu\/cs\/kontakt\/#primaryimage","url":"https:\/\/bengans.nu\/wp-content\/uploads\/2022\/02\/p21.jpg","contentUrl":"https:\/\/bengans.nu\/wp-content\/uploads\/2022\/02\/p21.jpg","width":1500,"height":1000},{"@type":"BreadcrumbList","@id":"https:\/\/bengans.nu\/cs\/kontakt\/#breadcrumb","itemListElement":[{"@type":"ListItem","position":1,"name":"Hem","item":"https:\/\/bengans.nu\/cs\/bengans-nu-domovska-stranka\/"},{"@type":"ListItem","position":2,"name":"Kontakt"}]},{"@type":"WebSite","@id":"https:\/\/bengans.nu\/#website","url":"https:\/\/bengans.nu\/","name":"Bengans","description":"","potentialAction":[{"@type":"SearchAction","target":{"@type":"EntryPoint","urlTemplate":"https:\/\/bengans.nu\/?s={search_term_string}"},"query-input":"required name=search_term_string"}],"inLanguage":"cs"}]}},"_links":{"self":[{"href":"https:\/\/bengans.nu\/cs\/wp-json\/wp\/v2\/pages\/2949","targetHints":{"allow":["GET"]}}],"collection":[{"href":"https:\/\/bengans.nu\/cs\/wp-json\/wp\/v2\/pages"}],"about":[{"href":"https:\/\/bengans.nu\/cs\/wp-json\/wp\/v2\/types\/page"}],"author":[{"embeddable":true,"href":"https:\/\/bengans.nu\/cs\/wp-json\/wp\/v2\/users\/1"}],"replies":[{"embeddable":true,"href":"https:\/\/bengans.nu\/cs\/wp-json\/wp\/v2\/comments?post=2949"}],"version-history":[{"count":1,"href":"https:\/\/bengans.nu\/cs\/wp-json\/wp\/v2\/pages\/2949\/revisions"}],"predecessor-version":[{"id":2953,"href":"https:\/\/bengans.nu\/cs\/wp-json\/wp\/v2\/pages\/2949\/revisions\/2953"}],"wp:featuredmedia":[{"embeddable":true,"href":"https:\/\/bengans.nu\/cs\/wp-json\/wp\/v2\/media\/3195"}],"wp:attachment":[{"href":"https:\/\/bengans.nu\/cs\/wp-json\/wp\/v2\/media?parent=2949"}],"curies":[{"name":"wp","href":"https:\/\/api.w.org\/{rel}","templated":true}]}}